{"id":2391,"date":"2025-11-06T08:17:10","date_gmt":"2025-11-06T08:17:10","guid":{"rendered":"https:\/\/project-iq5312.bootests.com\/bize-ulasin\/"},"modified":"2026-02-17T14:09:30","modified_gmt":"2026-02-17T14:09:30","slug":"contact-us","status":"publish","type":"page","link":"https:\/\/project-iq5312.bootests.com\/en\/contact-us\/","title":{"rendered":"Contact Us"},"content":{"rendered":"\n            <div class=\"form-iletisim-info\" data-aos=\"fade-up\" data-aos-duration=\"600\" data-aos-delay=\"600\">\n                                        \n                                                <div class=\"info-card\" data-aos=\"fade-up\" data-aos-delay=\"700\">\n                            <div class=\"info-header\">\n                                <img decoding=\"async\" src=\"\/wp-content\/themes\/iqon\/img\/location-icon.svg\" alt=\"Adres\" class=\"iletisim-icon\" \/>\n                                <p class=\"info-title\">Adres<\/p>\n                            <\/div>\n                            <p class=\"info-text\">\u00c7ank\u0131r\u0131 Bulvar\u0131 103 06750 Akyurt, Ankara<\/p>\n                        <\/div>\n                                                \n                                                <div class=\"info-card\" data-aos=\"fade-up\" data-aos-delay=\"900\">\n                            <div class=\"info-header\">\n                                <img decoding=\"async\" src=\"\/wp-content\/themes\/iqon\/img\/phone-icon.svg\" alt=\"Telefon\" class=\"iletisim-icon\" \/>\n                                <p class=\"info-title\">TelefoN<\/p>\n                            <\/div>\n                            <a href=\"tel:03128475080\" class=\"info-text\">0(312) 847 50 80\u200b<\/a>\n                        <\/div>\n                                                \n                                                <div class=\"info-card\" data-aos=\"fade-up\" data-aos-delay=\"1100\">\n                            <div class=\"info-header\">\n                                <img decoding=\"async\" src=\"\/wp-content\/themes\/iqon\/img\/mail-icon.svg\" alt=\"Mail\" class=\"iletisim-icon\" \/>\n                                <p class=\"info-title\">Ma\u0130l<\/p>\n                            <\/div>\n                            <a href=\"mailto:info@iqonhom.com\" class=\"info-text\">info@iqonhom.com<\/a>\n                        <\/div>\n                                                \n                                    <\/div>\n            <div class=\"iletisim-wrapper\">\n                <div class=\"iletisim-left\">\n                    <h2 class=\"iletisim-title-form\">\u0130leT\u0130\u015f\u0130M ForMu<\/h2>\n                    \n                    <div class=\"form-iletisim\" data-aos=\"fade-up\" data-aos-duration=\"600\" data-aos-delay=\"400\">\n                        \n<div class=\"wpcf7 no-js\" id=\"wpcf7-f2389-o1\" lang=\"tr-TR\" dir=\"ltr\" data-wpcf7-id=\"2389\">\n<div class=\"screen-reader-response\"><p role=\"status\" aria-live=\"polite\" aria-atomic=\"true\"><\/p> <ul><\/ul><\/div>\n<form action=\"\/en\/wp-json\/wp\/v2\/pages\/2391#wpcf7-f2389-o1\" method=\"post\" class=\"wpcf7-form init\" aria-label=\"\u0130leti\u015fim Formu\" novalidate=\"novalidate\" data-status=\"init\">\n<fieldset class=\"hidden-fields-container\"><input type=\"hidden\" name=\"_wpcf7\" value=\"2389\" \/><input type=\"hidden\" name=\"_wpcf7_version\" value=\"6.1.3\" \/><input type=\"hidden\" name=\"_wpcf7_locale\" value=\"tr_TR\" \/><input type=\"hidden\" name=\"_wpcf7_unit_tag\" value=\"wpcf7-f2389-o1\" \/><input type=\"hidden\" name=\"_wpcf7_container_post\" value=\"0\" \/><input type=\"hidden\" name=\"_wpcf7_posted_data_hash\" value=\"\" \/>\n<\/fieldset>\n<div class=\"two-column\">\n\t<p><span class=\"wpcf7-form-control-wrap\" data-name=\"your-name\"><input size=\"40\" maxlength=\"400\" class=\"wpcf7-form-control wpcf7-text wpcf7-validates-as-required\" autocomplete=\"name\" aria-required=\"true\" aria-invalid=\"false\" placeholder=\"Full Name *\" value=\"\" type=\"text\" name=\"your-name\" \/><\/span>\n\t<\/p>\n\t<p><span class=\"wpcf7-form-control-wrap\" data-name=\"tel-397\"><input size=\"40\" maxlength=\"400\" class=\"wpcf7-form-control wpcf7-tel wpcf7-validates-as-required wpcf7-text wpcf7-validates-as-tel\" aria-required=\"true\" aria-invalid=\"false\" placeholder=\"Phone Number *\" value=\"\" type=\"tel\" name=\"tel-397\" \/><\/span>\n\t<\/p>\n<\/div>\n<div class=\"two-column\">\n\t<p><span class=\"wpcf7-form-control-wrap\" data-name=\"your-email\"><input size=\"40\" maxlength=\"400\" class=\"wpcf7-form-control wpcf7-email wpcf7-validates-as-required wpcf7-text wpcf7-validates-as-email\" aria-required=\"true\" aria-invalid=\"false\" placeholder=\"Email Address *\" value=\"\" type=\"email\" name=\"your-email\" \/><\/span>\n\t<\/p>\n\t<p><span class=\"wpcf7-form-control-wrap\" data-name=\"your-subject\"><input size=\"40\" maxlength=\"400\" class=\"wpcf7-form-control wpcf7-text wpcf7-validates-as-required\" aria-required=\"true\" aria-invalid=\"false\" placeholder=\"Subject *\" value=\"\" type=\"text\" name=\"your-subject\" \/><\/span>\n\t<\/p>\n<\/div>\n<div class=\"one-column\">\n\t<p><span class=\"wpcf7-form-control-wrap\" data-name=\"your-message\"><textarea cols=\"40\" rows=\"10\" maxlength=\"2000\" class=\"wpcf7-form-control wpcf7-textarea\" aria-invalid=\"false\" placeholder=\"Message\" name=\"your-message\"><\/textarea><\/span>\n\t<\/p>\n<\/div>\n<p><span class=\"wpcf7-form-control-wrap\" data-name=\"your-consent\"><span class=\"wpcf7-form-control wpcf7-acceptance\"><span class=\"wpcf7-list-item\"><label><input type=\"checkbox\" name=\"your-consent\" value=\"1\" aria-invalid=\"false\" \/><span class=\"wpcf7-list-item-label\">I have read and accept the <a href=\"\/en\/kvkk-information-text\/\" target=\"_blank\">KVKK Information Text<\/a>.<\/span><\/label><\/span><\/span><\/span>\n<\/p>\n<p><input class=\"wpcf7-form-control wpcf7-submit has-spinner\" type=\"submit\" value=\"Submit\" \/>\n<\/p><div class=\"wpcf7-response-output\" aria-hidden=\"true\"><\/div>\n<\/form>\n<\/div>\n                    <\/div>\n                    \n                   \n                <\/div>\n                \n                <div class=\"iletisim-right\">\n                    <img decoding=\"async\" src=\"https:\/\/project-iq5312.bootests.com\/wp-content\/uploads\/Image-19.png\" alt=\"\u0130leti\u015fim\" class=\"iletisim-image\">\n                <\/div>\n            <\/div>\n","protected":false},"excerpt":{"rendered":"","protected":false},"author":1,"featured_media":0,"parent":0,"menu_order":0,"comment_status":"closed","ping_status":"closed","template":"","meta":{"_acf_changed":false,"footnotes":""},"class_list":["post-2391","page","type-page","status-publish","hentry"],"acf":[],"_links":{"self":[{"href":"https:\/\/project-iq5312.bootests.com\/en\/wp-json\/wp\/v2\/pages\/2391","targetHints":{"allow":["GET"]}}],"collection":[{"href":"https:\/\/project-iq5312.bootests.com\/en\/wp-json\/wp\/v2\/pages"}],"about":[{"href":"https:\/\/project-iq5312.bootests.com\/en\/wp-json\/wp\/v2\/types\/page"}],"author":[{"embeddable":true,"href":"https:\/\/project-iq5312.bootests.com\/en\/wp-json\/wp\/v2\/users\/1"}],"replies":[{"embeddable":true,"href":"https:\/\/project-iq5312.bootests.com\/en\/wp-json\/wp\/v2\/comments?post=2391"}],"version-history":[{"count":3,"href":"https:\/\/project-iq5312.bootests.com\/en\/wp-json\/wp\/v2\/pages\/2391\/revisions"}],"predecessor-version":[{"id":2394,"href":"https:\/\/project-iq5312.bootests.com\/en\/wp-json\/wp\/v2\/pages\/2391\/revisions\/2394"}],"wp:attachment":[{"href":"https:\/\/project-iq5312.bootests.com\/en\/wp-json\/wp\/v2\/media?parent=2391"}],"curies":[{"name":"wp","href":"https:\/\/api.w.org\/{rel}","templated":true}]}}