{"id":2427,"date":"2025-11-27T13:41:53","date_gmt":"2025-11-27T13:41:53","guid":{"rendered":"https:\/\/project-iq5312.bootests.com\/tables-chairs\/yemek-masasi\/"},"modified":"2026-02-17T14:34:55","modified_gmt":"2026-02-17T14:34:55","slug":"dining-table","status":"publish","type":"page","link":"https:\/\/project-iq5312.bootests.com\/en\/complementary-furniture\/tables-chairs\/dining-table\/","title":{"rendered":"Dining Table"},"content":{"rendered":"\t\n\t<div class=\"products-category-section\">\n\t\n\t\t\t<!-- Mobile Category Toggle Button -->\n\t\t\t<button class=\"mobile-category-toggle\" aria-label=\"Kategorileri A\u00e7\/Kapat\">\n\t\t\t\t<img decoding=\"async\" src=\"\/wp-content\/themes\/iqon\/img\/filter-icon.svg\">\n\t\t\t\t<span>CaTegoRIes<\/span>\n\t\t\t\t\n\t\t\t<\/button>\n\t\n\t\t\t<div class=\"products-category-container\">\n\t\t<!-- Sidebar: Categories -->\n\t\t<aside class=\"category-sidebar\">\n\t\t\t<ul class=\"category-list\">\n\t\t\t\t\t\t\t<!-- \"T\u00fcm \u00dcr\u00fcnler\" link - Only show if showing subcategories -->\n\t\t\t\t\t\t\t\t<div class=\"sidebar-kategori-title\">CaTegoRIes<\/div>\n\t\t\t\t<li class=\"category-item \">\n\t\t\t\t\t<a href=\"https:\/\/project-iq5312.bootests.com\/en\/tables-chairs\/\" class=\"category-link\">\n\t\t\t\t\t\t<span class=\"category-name\">All Products - <span class=\"category-count\">14<\/span><\/span>\n\t\t\t\t\t\t\n\t\t\t\t\t<\/a>\n\t\t\t\t<\/li>\n\t\t\t\t\t\t\t\n\t\t\t\t\t\t\t\t\t\t\t\t\t\t\t<li class=\"category-item \">\n\t\t\t\t\t\t\t<a href=\"https:\/\/project-iq5312.bootests.com\/en\/wp-json\/wp\/v2\/pages\/2427\/chair\/\" class=\"category-link\">\n\t\t\t\t\t\t\t\t<span class=\"category-name\">Chair - <span class=\"category-count\">6<\/span> <\/span>\n\t\t\t\t\t\t\t\t\n\t\t\t\t\t\t\t<\/a>\n\t\t\t\t\t\t<\/li>\n\t\t\t\t\t\t\t\t\t\t\t<li class=\"category-item \">\n\t\t\t\t\t\t\t<a href=\"https:\/\/project-iq5312.bootests.com\/en\/wp-json\/wp\/v2\/pages\/2427\/desk\/\" class=\"category-link\">\n\t\t\t\t\t\t\t\t<span class=\"category-name\">Desk - <span class=\"category-count\">2<\/span> <\/span>\n\t\t\t\t\t\t\t\t\n\t\t\t\t\t\t\t<\/a>\n\t\t\t\t\t\t<\/li>\n\t\t\t\t\t\t\t\t\t\t\t<li class=\"category-item active\">\n\t\t\t\t\t\t\t<a href=\"https:\/\/project-iq5312.bootests.com\/en\/wp-json\/wp\/v2\/pages\/2427\/dining-table\/\" class=\"category-link\">\n\t\t\t\t\t\t\t\t<span class=\"category-name\">Dining Table - <span class=\"category-count\">6<\/span> <\/span>\n\t\t\t\t\t\t\t\t\n\t\t\t\t\t\t\t<\/a>\n\t\t\t\t\t\t<\/li>\n\t\t\t\t\t\t\t\t\t\t\t\t<\/ul>\n\t\t<\/aside>\n\t\t\t\t\n\t\t\t\t<!-- Main: Products Grid -->\n\t\t\t\t<div class=\"products-grid-wrapper\">\n\t\t\t\t\t\t\t\t\t\t\t<div class=\"products-grid\">\n\t\t\t\t\t\t\t\t\t\t\t\t\t\t\t<div class=\"product-grid-item wow animate__fadeInUp\" data-wow-duration=\"0.8s\" data-wow-delay=\"0.2s\">\n\t\t\t\t\t\t\t\t\t<a href=\"https:\/\/project-iq5312.bootests.com\/en\/products\/099-masa\/\" class=\"product-grid-link\">\n\t\t\t\t\t\t\t\t\t\n\t\t\t\t\t\t\t\t\t\t<div class=\"product-grid-image\">\n\t\t\t\t\t\t\t\t\t\t\t\n\t\t\t\t\t\t\t\t\t\t\t\t\t\t\t\t\t\t\t\t\t\t<img decoding=\"async\" src=\"https:\/\/project-iq5312.bootests.com\/wp-content\/uploads\/099-masa-image-1-1024x1024.webp\" alt=\"099\" class=\"secondary-image-hover\">\n\t\t\t\t\t\t\t\t\t\t\t\t\t\t\t\t\t\t\t\t\t\t<img decoding=\"async\" width=\"640\" height=\"640\" src=\"https:\/\/project-iq5312.bootests.com\/wp-content\/uploads\/099-masa-image-2-1024x1024.webp\" class=\"primary-image wp-post-image\" alt=\"\" srcset=\"https:\/\/project-iq5312.bootests.com\/wp-content\/uploads\/099-masa-image-2-1024x1024.webp 1024w, https:\/\/project-iq5312.bootests.com\/wp-content\/uploads\/099-masa-image-2-300x300.webp 300w, https:\/\/project-iq5312.bootests.com\/wp-content\/uploads\/099-masa-image-2-150x150.webp 150w, https:\/\/project-iq5312.bootests.com\/wp-content\/uploads\/099-masa-image-2-768x768.webp 768w, https:\/\/project-iq5312.bootests.com\/wp-content\/uploads\/099-masa-image-2-1536x1536.webp 1536w, https:\/\/project-iq5312.bootests.com\/wp-content\/uploads\/099-masa-image-2-2048x2048.webp 2048w\" sizes=\"(max-width: 640px) 100vw, 640px\" \/>\t\t\t\t\t\t\t\t\t\t\t\n\t\t\t\t\t\t\t\t\t\t<\/div>\n\t\t\t\t\t\t\t\t\t\t<div class=\"product-grid-info\">\n\t\t\t\t\t\t\t\t\t\t\t<h2 class=\"product-grid-name\">099<\/h2>\n\t\t\t\t\t\t\t\t\t\t\t<span class=\"product-grid-arrow\">\n\t\t\t\t\t\t\t\t\t\t\t\t<img decoding=\"async\" src=\"\/wp-content\/themes\/iqon\/img\/arrow-left-2-light-1-2-1.svg\">\n\t\t\t\t\t\t\t\t\t\t\t<\/span>\n\t\t\t\t\t\t\t\t\t\t<\/div>\n\t\t\t\t\t\t\t\t\t<\/a>\n\t\t\t\t\t\t\t\t<\/div>\n\t\t\t\t\t\t\t\t\t\t\t\t\t\t\t<div class=\"product-grid-item wow animate__fadeInUp\" data-wow-duration=\"0.8s\" data-wow-delay=\"0.4s\">\n\t\t\t\t\t\t\t\t\t<a href=\"https:\/\/project-iq5312.bootests.com\/en\/products\/hemera\/\" class=\"product-grid-link\">\n\t\t\t\t\t\t\t\t\t\n\t\t\t\t\t\t\t\t\t\t<div class=\"product-grid-image\">\n\t\t\t\t\t\t\t\t\t\t\t\n\t\t\t\t\t\t\t\t\t\t\t\t\t\t\t\t\t\t\t\t\t\t<img decoding=\"async\" src=\"https:\/\/project-iq5312.bootests.com\/wp-content\/uploads\/hemera-masa-image-4-1024x1024.webp\" alt=\"Hemera\" class=\"secondary-image-hover\">\n\t\t\t\t\t\t\t\t\t\t\t\t\t\t\t\t\t\t\t\t\t\t<img decoding=\"async\" width=\"640\" height=\"640\" src=\"https:\/\/project-iq5312.bootests.com\/wp-content\/uploads\/hemera-masa-image-6-1024x1024.webp\" class=\"primary-image wp-post-image\" alt=\"\" srcset=\"https:\/\/project-iq5312.bootests.com\/wp-content\/uploads\/hemera-masa-image-6-1024x1024.webp 1024w, https:\/\/project-iq5312.bootests.com\/wp-content\/uploads\/hemera-masa-image-6-300x300.webp 300w, https:\/\/project-iq5312.bootests.com\/wp-content\/uploads\/hemera-masa-image-6-150x150.webp 150w, https:\/\/project-iq5312.bootests.com\/wp-content\/uploads\/hemera-masa-image-6-768x768.webp 768w, https:\/\/project-iq5312.bootests.com\/wp-content\/uploads\/hemera-masa-image-6-1536x1536.webp 1536w, https:\/\/project-iq5312.bootests.com\/wp-content\/uploads\/hemera-masa-image-6-2048x2048.webp 2048w\" sizes=\"(max-width: 640px) 100vw, 640px\" \/>\t\t\t\t\t\t\t\t\t\t\t\n\t\t\t\t\t\t\t\t\t\t<\/div>\n\t\t\t\t\t\t\t\t\t\t<div class=\"product-grid-info\">\n\t\t\t\t\t\t\t\t\t\t\t<h2 class=\"product-grid-name\">HeMeRa<\/h2>\n\t\t\t\t\t\t\t\t\t\t\t<span class=\"product-grid-arrow\">\n\t\t\t\t\t\t\t\t\t\t\t\t<img decoding=\"async\" src=\"\/wp-content\/themes\/iqon\/img\/arrow-left-2-light-1-2-1.svg\">\n\t\t\t\t\t\t\t\t\t\t\t<\/span>\n\t\t\t\t\t\t\t\t\t\t<\/div>\n\t\t\t\t\t\t\t\t\t<\/a>\n\t\t\t\t\t\t\t\t<\/div>\n\t\t\t\t\t\t\t\t\t\t\t\t\t\t\t<div class=\"product-grid-item wow animate__fadeInUp\" data-wow-duration=\"0.8s\" data-wow-delay=\"0.6s\">\n\t\t\t\t\t\t\t\t\t<a href=\"https:\/\/project-iq5312.bootests.com\/en\/products\/lumen\/\" class=\"product-grid-link\">\n\t\t\t\t\t\t\t\t\t\n\t\t\t\t\t\t\t\t\t\t<div class=\"product-grid-image\">\n\t\t\t\t\t\t\t\t\t\t\t\n\t\t\t\t\t\t\t\t\t\t\t\t\t\t\t\t\t\t\t\t\t\t<img decoding=\"async\" src=\"https:\/\/project-iq5312.bootests.com\/wp-content\/uploads\/lumen-masa-image-3-1024x1024.webp\" alt=\"Lumen\" class=\"secondary-image-hover\">\n\t\t\t\t\t\t\t\t\t\t\t\t\t\t\t\t\t\t\t\t\t\t<img decoding=\"async\" width=\"640\" height=\"640\" src=\"https:\/\/project-iq5312.bootests.com\/wp-content\/uploads\/lumen-masa-image-4-1024x1024.webp\" class=\"primary-image wp-post-image\" alt=\"\" srcset=\"https:\/\/project-iq5312.bootests.com\/wp-content\/uploads\/lumen-masa-image-4-1024x1024.webp 1024w, https:\/\/project-iq5312.bootests.com\/wp-content\/uploads\/lumen-masa-image-4-300x300.webp 300w, https:\/\/project-iq5312.bootests.com\/wp-content\/uploads\/lumen-masa-image-4-150x150.webp 150w, https:\/\/project-iq5312.bootests.com\/wp-content\/uploads\/lumen-masa-image-4-768x768.webp 768w, https:\/\/project-iq5312.bootests.com\/wp-content\/uploads\/lumen-masa-image-4-1536x1536.webp 1536w, https:\/\/project-iq5312.bootests.com\/wp-content\/uploads\/lumen-masa-image-4-2048x2048.webp 2048w\" sizes=\"(max-width: 640px) 100vw, 640px\" \/>\t\t\t\t\t\t\t\t\t\t\t\n\t\t\t\t\t\t\t\t\t\t<\/div>\n\t\t\t\t\t\t\t\t\t\t<div class=\"product-grid-info\">\n\t\t\t\t\t\t\t\t\t\t\t<h2 class=\"product-grid-name\">LuMeN<\/h2>\n\t\t\t\t\t\t\t\t\t\t\t<span class=\"product-grid-arrow\">\n\t\t\t\t\t\t\t\t\t\t\t\t<img decoding=\"async\" src=\"\/wp-content\/themes\/iqon\/img\/arrow-left-2-light-1-2-1.svg\">\n\t\t\t\t\t\t\t\t\t\t\t<\/span>\n\t\t\t\t\t\t\t\t\t\t<\/div>\n\t\t\t\t\t\t\t\t\t<\/a>\n\t\t\t\t\t\t\t\t<\/div>\n\t\t\t\t\t\t\t\t\t\t\t\t\t\t\t<div class=\"product-grid-item wow animate__fadeInUp\" data-wow-duration=\"0.8s\" data-wow-delay=\"0.8s\">\n\t\t\t\t\t\t\t\t\t<a href=\"https:\/\/project-iq5312.bootests.com\/en\/products\/midday\/\" class=\"product-grid-link\">\n\t\t\t\t\t\t\t\t\t\n\t\t\t\t\t\t\t\t\t\t<div class=\"product-grid-image\">\n\t\t\t\t\t\t\t\t\t\t\t\n\t\t\t\t\t\t\t\t\t\t\t\t\t\t\t\t\t\t\t\t\t\t<img decoding=\"async\" src=\"https:\/\/project-iq5312.bootests.com\/wp-content\/uploads\/midday-masa-image-3-1024x1024.webp\" alt=\"Midday\" class=\"secondary-image-hover\">\n\t\t\t\t\t\t\t\t\t\t\t\t\t\t\t\t\t\t\t\t\t\t<img decoding=\"async\" width=\"640\" height=\"640\" src=\"https:\/\/project-iq5312.bootests.com\/wp-content\/uploads\/midday-masa-image-2-1024x1024.webp\" class=\"primary-image wp-post-image\" alt=\"\" srcset=\"https:\/\/project-iq5312.bootests.com\/wp-content\/uploads\/midday-masa-image-2-1024x1024.webp 1024w, https:\/\/project-iq5312.bootests.com\/wp-content\/uploads\/midday-masa-image-2-300x300.webp 300w, https:\/\/project-iq5312.bootests.com\/wp-content\/uploads\/midday-masa-image-2-150x150.webp 150w, https:\/\/project-iq5312.bootests.com\/wp-content\/uploads\/midday-masa-image-2-768x768.webp 768w, https:\/\/project-iq5312.bootests.com\/wp-content\/uploads\/midday-masa-image-2-1536x1536.webp 1536w, https:\/\/project-iq5312.bootests.com\/wp-content\/uploads\/midday-masa-image-2-2048x2048.webp 2048w\" sizes=\"(max-width: 640px) 100vw, 640px\" \/>\t\t\t\t\t\t\t\t\t\t\t\n\t\t\t\t\t\t\t\t\t\t<\/div>\n\t\t\t\t\t\t\t\t\t\t<div class=\"product-grid-info\">\n\t\t\t\t\t\t\t\t\t\t\t<h2 class=\"product-grid-name\">MIddaY<\/h2>\n\t\t\t\t\t\t\t\t\t\t\t<span class=\"product-grid-arrow\">\n\t\t\t\t\t\t\t\t\t\t\t\t<img decoding=\"async\" src=\"\/wp-content\/themes\/iqon\/img\/arrow-left-2-light-1-2-1.svg\">\n\t\t\t\t\t\t\t\t\t\t\t<\/span>\n\t\t\t\t\t\t\t\t\t\t<\/div>\n\t\t\t\t\t\t\t\t\t<\/a>\n\t\t\t\t\t\t\t\t<\/div>\n\t\t\t\t\t\t\t\t\t\t\t\t\t\t\t<div class=\"product-grid-item wow animate__fadeInUp\" data-wow-duration=\"0.8s\" data-wow-delay=\"1s\">\n\t\t\t\t\t\t\t\t\t<a href=\"https:\/\/project-iq5312.bootests.com\/en\/products\/twilight\/\" class=\"product-grid-link\">\n\t\t\t\t\t\t\t\t\t\n\t\t\t\t\t\t\t\t\t\t<div class=\"product-grid-image\">\n\t\t\t\t\t\t\t\t\t\t\t\n\t\t\t\t\t\t\t\t\t\t\t\t\t\t\t\t\t\t\t\t\t\t<img decoding=\"async\" src=\"https:\/\/project-iq5312.bootests.com\/wp-content\/uploads\/twilight-masa-image-5-1024x1024.webp\" alt=\"Twilight\" class=\"secondary-image-hover\">\n\t\t\t\t\t\t\t\t\t\t\t\t\t\t\t\t\t\t\t\t\t\t<img decoding=\"async\" width=\"640\" height=\"640\" src=\"https:\/\/project-iq5312.bootests.com\/wp-content\/uploads\/twilight-masa-image-1-1024x1024.webp\" class=\"primary-image wp-post-image\" alt=\"\" srcset=\"https:\/\/project-iq5312.bootests.com\/wp-content\/uploads\/twilight-masa-image-1-1024x1024.webp 1024w, https:\/\/project-iq5312.bootests.com\/wp-content\/uploads\/twilight-masa-image-1-300x300.webp 300w, https:\/\/project-iq5312.bootests.com\/wp-content\/uploads\/twilight-masa-image-1-150x150.webp 150w, https:\/\/project-iq5312.bootests.com\/wp-content\/uploads\/twilight-masa-image-1-768x768.webp 768w, https:\/\/project-iq5312.bootests.com\/wp-content\/uploads\/twilight-masa-image-1-1536x1536.webp 1536w, https:\/\/project-iq5312.bootests.com\/wp-content\/uploads\/twilight-masa-image-1-2048x2048.webp 2048w\" sizes=\"(max-width: 640px) 100vw, 640px\" \/>\t\t\t\t\t\t\t\t\t\t\t\n\t\t\t\t\t\t\t\t\t\t<\/div>\n\t\t\t\t\t\t\t\t\t\t<div class=\"product-grid-info\">\n\t\t\t\t\t\t\t\t\t\t\t<h2 class=\"product-grid-name\">TWIlIghT<\/h2>\n\t\t\t\t\t\t\t\t\t\t\t<span class=\"product-grid-arrow\">\n\t\t\t\t\t\t\t\t\t\t\t\t<img decoding=\"async\" src=\"\/wp-content\/themes\/iqon\/img\/arrow-left-2-light-1-2-1.svg\">\n\t\t\t\t\t\t\t\t\t\t\t<\/span>\n\t\t\t\t\t\t\t\t\t\t<\/div>\n\t\t\t\t\t\t\t\t\t<\/a>\n\t\t\t\t\t\t\t\t<\/div>\n\t\t\t\t\t\t\t\t\t\t\t\t\t\t\t<div class=\"product-grid-item wow animate__fadeInUp\" data-wow-duration=\"0.8s\" data-wow-delay=\"1s\">\n\t\t\t\t\t\t\t\t\t<a href=\"https:\/\/project-iq5312.bootests.com\/en\/products\/umbra\/\" class=\"product-grid-link\">\n\t\t\t\t\t\t\t\t\t\n\t\t\t\t\t\t\t\t\t\t<div class=\"product-grid-image\">\n\t\t\t\t\t\t\t\t\t\t\t\n\t\t\t\t\t\t\t\t\t\t\t\t\t\t\t\t\t\t\t\t\t\t<img decoding=\"async\" src=\"https:\/\/project-iq5312.bootests.com\/wp-content\/uploads\/umbra-masa-image-5-1024x1024.webp\" alt=\"Umbra\" class=\"secondary-image-hover\">\n\t\t\t\t\t\t\t\t\t\t\t\t\t\t\t\t\t\t\t\t\t\t<img decoding=\"async\" width=\"640\" height=\"640\" src=\"https:\/\/project-iq5312.bootests.com\/wp-content\/uploads\/umbra-masa-image-1-1024x1024.webp\" class=\"primary-image wp-post-image\" alt=\"\" srcset=\"https:\/\/project-iq5312.bootests.com\/wp-content\/uploads\/umbra-masa-image-1-1024x1024.webp 1024w, https:\/\/project-iq5312.bootests.com\/wp-content\/uploads\/umbra-masa-image-1-300x300.webp 300w, https:\/\/project-iq5312.bootests.com\/wp-content\/uploads\/umbra-masa-image-1-150x150.webp 150w, https:\/\/project-iq5312.bootests.com\/wp-content\/uploads\/umbra-masa-image-1-768x768.webp 768w, https:\/\/project-iq5312.bootests.com\/wp-content\/uploads\/umbra-masa-image-1-1536x1536.webp 1536w, https:\/\/project-iq5312.bootests.com\/wp-content\/uploads\/umbra-masa-image-1-2048x2048.webp 2048w\" sizes=\"(max-width: 640px) 100vw, 640px\" \/>\t\t\t\t\t\t\t\t\t\t\t\n\t\t\t\t\t\t\t\t\t\t<\/div>\n\t\t\t\t\t\t\t\t\t\t<div class=\"product-grid-info\">\n\t\t\t\t\t\t\t\t\t\t\t<h2 class=\"product-grid-name\">UMbRa<\/h2>\n\t\t\t\t\t\t\t\t\t\t\t<span class=\"product-grid-arrow\">\n\t\t\t\t\t\t\t\t\t\t\t\t<img decoding=\"async\" src=\"\/wp-content\/themes\/iqon\/img\/arrow-left-2-light-1-2-1.svg\">\n\t\t\t\t\t\t\t\t\t\t\t<\/span>\n\t\t\t\t\t\t\t\t\t\t<\/div>\n\t\t\t\t\t\t\t\t\t<\/a>\n\t\t\t\t\t\t\t\t<\/div>\n\t\t\t\t\t\t\t\t\t\t\t\t\t<\/div>\n\t\t\t\t\t\t\n\t\t\t\t\t<!-- Pagination -->\n\t\t\t\t\t\t\t\t\t\t\t\n\t\t\t\t\t\t\t\t\t\t\t\t\t\t<\/div>\n\t\t\t<\/div>\n\t\t\n\t<\/div>\n\t\n\t\n","protected":false},"excerpt":{"rendered":"","protected":false},"author":1,"featured_media":2202,"parent":2418,"menu_order":0,"comment_status":"closed","ping_status":"closed","template":"","meta":{"_acf_changed":false,"footnotes":""},"class_list":["post-2427","page","type-page","status-publish","has-post-thumbnail","hentry"],"acf":[],"_links":{"self":[{"href":"https:\/\/project-iq5312.bootests.com\/en\/wp-json\/wp\/v2\/pages\/2427","targetHints":{"allow":["GET"]}}],"collection":[{"href":"https:\/\/project-iq5312.bootests.com\/en\/wp-json\/wp\/v2\/pages"}],"about":[{"href":"https:\/\/project-iq5312.bootests.com\/en\/wp-json\/wp\/v2\/types\/page"}],"author":[{"embeddable":true,"href":"https:\/\/project-iq5312.bootests.com\/en\/wp-json\/wp\/v2\/users\/1"}],"replies":[{"embeddable":true,"href":"https:\/\/project-iq5312.bootests.com\/en\/wp-json\/wp\/v2\/comments?post=2427"}],"version-history":[{"count":2,"href":"https:\/\/project-iq5312.bootests.com\/en\/wp-json\/wp\/v2\/pages\/2427\/revisions"}],"predecessor-version":[{"id":2429,"href":"https:\/\/project-iq5312.bootests.com\/en\/wp-json\/wp\/v2\/pages\/2427\/revisions\/2429"}],"up":[{"embeddable":true,"href":"https:\/\/project-iq5312.bootests.com\/en\/wp-json\/wp\/v2\/pages\/2418"}],"wp:featuredmedia":[{"embeddable":true,"href":"https:\/\/project-iq5312.bootests.com\/en\/wp-json\/wp\/v2\/media\/2202"}],"wp:attachment":[{"href":"https:\/\/project-iq5312.bootests.com\/en\/wp-json\/wp\/v2\/media?parent=2427"}],"curies":[{"name":"wp","href":"https:\/\/api.w.org\/{rel}","templated":true}]}}