{"id":2433,"date":"2025-11-10T09:40:27","date_gmt":"2025-11-10T09:40:27","guid":{"rendered":"https:\/\/project-iq5312.bootests.com\/living-room-sets\/kanepeler\/"},"modified":"2026-02-17T14:37:20","modified_gmt":"2026-02-17T14:37:20","slug":"sofas","status":"publish","type":"page","link":"https:\/\/project-iq5312.bootests.com\/en\/living-room-sets\/sofas\/","title":{"rendered":"Sofas"},"content":{"rendered":"\t\n\t<div class=\"products-category-section\">\n\t\n\t\t\t<!-- Mobile Category Toggle Button -->\n\t\t\t<button class=\"mobile-category-toggle\" aria-label=\"Kategorileri A\u00e7\/Kapat\">\n\t\t\t\t<img decoding=\"async\" src=\"\/wp-content\/themes\/iqon\/img\/filter-icon.svg\">\n\t\t\t\t<span>CaTegoRIes<\/span>\n\t\t\t\t\n\t\t\t<\/button>\n\t\n\t\t\t<div class=\"products-category-container\">\n\t\t<!-- Sidebar: Categories -->\n\t\t<aside class=\"category-sidebar\">\n\t\t\t<ul class=\"category-list\">\n\t\t\t\t\t\t\t<!-- \"T\u00fcm \u00dcr\u00fcnler\" link - Only show if showing subcategories -->\n\t\t\t\t\t\t\t\t<div class=\"sidebar-kategori-title\">CaTegoRIes<\/div>\n\t\t\t\t<li class=\"category-item \">\n\t\t\t\t\t<a href=\"https:\/\/project-iq5312.bootests.com\/en\/living-room-sets\/\" class=\"category-link\">\n\t\t\t\t\t\t<span class=\"category-name\">All Products - <span class=\"category-count\">19<\/span><\/span>\n\t\t\t\t\t\t\n\t\t\t\t\t<\/a>\n\t\t\t\t<\/li>\n\t\t\t\t\t\t\t\n\t\t\t\t\t\t\t\t\t\t\t\t\t\t\t<li class=\"category-item \">\n\t\t\t\t\t\t\t<a href=\"https:\/\/project-iq5312.bootests.com\/en\/wp-json\/wp\/v2\/pages\/2433\/armchair\/\" class=\"category-link\">\n\t\t\t\t\t\t\t\t<span class=\"category-name\">Armchair - <span class=\"category-count\">6<\/span> <\/span>\n\t\t\t\t\t\t\t\t\n\t\t\t\t\t\t\t<\/a>\n\t\t\t\t\t\t<\/li>\n\t\t\t\t\t\t\t\t\t\t\t<li class=\"category-item \">\n\t\t\t\t\t\t\t<a href=\"https:\/\/project-iq5312.bootests.com\/en\/wp-json\/wp\/v2\/pages\/2433\/corner-sofas\/\" class=\"category-link\">\n\t\t\t\t\t\t\t\t<span class=\"category-name\">Corner Sofas - <span class=\"category-count\">3<\/span> <\/span>\n\t\t\t\t\t\t\t\t\n\t\t\t\t\t\t\t<\/a>\n\t\t\t\t\t\t<\/li>\n\t\t\t\t\t\t\t\t\t\t\t<li class=\"category-item \">\n\t\t\t\t\t\t\t<a href=\"https:\/\/project-iq5312.bootests.com\/en\/wp-json\/wp\/v2\/pages\/2433\/poufs\/\" class=\"category-link\">\n\t\t\t\t\t\t\t\t<span class=\"category-name\">Poufs - <span class=\"category-count\">2<\/span> <\/span>\n\t\t\t\t\t\t\t\t\n\t\t\t\t\t\t\t<\/a>\n\t\t\t\t\t\t<\/li>\n\t\t\t\t\t\t\t\t\t\t\t<li class=\"category-item active\">\n\t\t\t\t\t\t\t<a href=\"https:\/\/project-iq5312.bootests.com\/en\/wp-json\/wp\/v2\/pages\/2433\/sofas\/\" class=\"category-link\">\n\t\t\t\t\t\t\t\t<span class=\"category-name\">Sofas - <span class=\"category-count\">8<\/span> <\/span>\n\t\t\t\t\t\t\t\t\n\t\t\t\t\t\t\t<\/a>\n\t\t\t\t\t\t<\/li>\n\t\t\t\t\t\t\t\t\t\t\t\t<\/ul>\n\t\t<\/aside>\n\t\t\t\t\n\t\t\t\t<!-- Main: Products Grid -->\n\t\t\t\t<div class=\"products-grid-wrapper\">\n\t\t\t\t\t\t\t\t\t\t\t<div class=\"products-grid\">\n\t\t\t\t\t\t\t\t\t\t\t\t\t\t\t<div class=\"product-grid-item wow animate__fadeInUp\" data-wow-duration=\"0.8s\" data-wow-delay=\"0.2s\">\n\t\t\t\t\t\t\t\t\t<a href=\"https:\/\/project-iq5312.bootests.com\/en\/products\/001-kanepe\/\" class=\"product-grid-link\">\n\t\t\t\t\t\t\t\t\t\n\t\t\t\t\t\t\t\t\t\t<div class=\"product-grid-image\">\n\t\t\t\t\t\t\t\t\t\t\t\n\t\t\t\t\t\t\t\t\t\t\t\t\t\t\t\t\t\t\t\t\t\t<img decoding=\"async\" src=\"https:\/\/project-iq5312.bootests.com\/wp-content\/uploads\/001-kanepe-image-2-1024x1024.webp\" alt=\"001\" class=\"secondary-image-hover\">\n\t\t\t\t\t\t\t\t\t\t\t\t\t\t\t\t\t\t\t\t\t\t<img decoding=\"async\" width=\"640\" height=\"640\" src=\"https:\/\/project-iq5312.bootests.com\/wp-content\/uploads\/001-kanepe-image-1-1024x1024.webp\" class=\"primary-image wp-post-image\" alt=\"\" srcset=\"https:\/\/project-iq5312.bootests.com\/wp-content\/uploads\/001-kanepe-image-1-1024x1024.webp 1024w, https:\/\/project-iq5312.bootests.com\/wp-content\/uploads\/001-kanepe-image-1-300x300.webp 300w, https:\/\/project-iq5312.bootests.com\/wp-content\/uploads\/001-kanepe-image-1-150x150.webp 150w, https:\/\/project-iq5312.bootests.com\/wp-content\/uploads\/001-kanepe-image-1-768x768.webp 768w, https:\/\/project-iq5312.bootests.com\/wp-content\/uploads\/001-kanepe-image-1-1536x1536.webp 1536w, https:\/\/project-iq5312.bootests.com\/wp-content\/uploads\/001-kanepe-image-1-2048x2048.webp 2048w\" sizes=\"(max-width: 640px) 100vw, 640px\" \/>\t\t\t\t\t\t\t\t\t\t\t\n\t\t\t\t\t\t\t\t\t\t<\/div>\n\t\t\t\t\t\t\t\t\t\t<div class=\"product-grid-info\">\n\t\t\t\t\t\t\t\t\t\t\t<h2 class=\"product-grid-name\">001<\/h2>\n\t\t\t\t\t\t\t\t\t\t\t<span class=\"product-grid-arrow\">\n\t\t\t\t\t\t\t\t\t\t\t\t<img decoding=\"async\" src=\"\/wp-content\/themes\/iqon\/img\/arrow-left-2-light-1-2-1.svg\">\n\t\t\t\t\t\t\t\t\t\t\t<\/span>\n\t\t\t\t\t\t\t\t\t\t<\/div>\n\t\t\t\t\t\t\t\t\t<\/a>\n\t\t\t\t\t\t\t\t<\/div>\n\t\t\t\t\t\t\t\t\t\t\t\t\t\t\t<div class=\"product-grid-item wow animate__fadeInUp\" data-wow-duration=\"0.8s\" data-wow-delay=\"0.4s\">\n\t\t\t\t\t\t\t\t\t<a href=\"https:\/\/project-iq5312.bootests.com\/en\/products\/002-kanepe\/\" class=\"product-grid-link\">\n\t\t\t\t\t\t\t\t\t\n\t\t\t\t\t\t\t\t\t\t<div class=\"product-grid-image\">\n\t\t\t\t\t\t\t\t\t\t\t\n\t\t\t\t\t\t\t\t\t\t\t\t\t\t\t\t\t\t\t\t\t\t<img decoding=\"async\" src=\"https:\/\/project-iq5312.bootests.com\/wp-content\/uploads\/002-kanepe-image-2-1024x1024.webp\" alt=\"002\" class=\"secondary-image-hover\">\n\t\t\t\t\t\t\t\t\t\t\t\t\t\t\t\t\t\t\t\t\t\t<img decoding=\"async\" width=\"640\" height=\"640\" src=\"https:\/\/project-iq5312.bootests.com\/wp-content\/uploads\/002-kanepe-image-1-1024x1024.webp\" class=\"primary-image wp-post-image\" alt=\"\" srcset=\"https:\/\/project-iq5312.bootests.com\/wp-content\/uploads\/002-kanepe-image-1-1024x1024.webp 1024w, https:\/\/project-iq5312.bootests.com\/wp-content\/uploads\/002-kanepe-image-1-300x300.webp 300w, https:\/\/project-iq5312.bootests.com\/wp-content\/uploads\/002-kanepe-image-1-150x150.webp 150w, https:\/\/project-iq5312.bootests.com\/wp-content\/uploads\/002-kanepe-image-1-768x768.webp 768w, https:\/\/project-iq5312.bootests.com\/wp-content\/uploads\/002-kanepe-image-1-1536x1536.webp 1536w, https:\/\/project-iq5312.bootests.com\/wp-content\/uploads\/002-kanepe-image-1-2048x2048.webp 2048w\" sizes=\"(max-width: 640px) 100vw, 640px\" \/>\t\t\t\t\t\t\t\t\t\t\t\n\t\t\t\t\t\t\t\t\t\t<\/div>\n\t\t\t\t\t\t\t\t\t\t<div class=\"product-grid-info\">\n\t\t\t\t\t\t\t\t\t\t\t<h2 class=\"product-grid-name\">002<\/h2>\n\t\t\t\t\t\t\t\t\t\t\t<span class=\"product-grid-arrow\">\n\t\t\t\t\t\t\t\t\t\t\t\t<img decoding=\"async\" src=\"\/wp-content\/themes\/iqon\/img\/arrow-left-2-light-1-2-1.svg\">\n\t\t\t\t\t\t\t\t\t\t\t<\/span>\n\t\t\t\t\t\t\t\t\t\t<\/div>\n\t\t\t\t\t\t\t\t\t<\/a>\n\t\t\t\t\t\t\t\t<\/div>\n\t\t\t\t\t\t\t\t\t\t\t\t\t\t\t<div class=\"product-grid-item wow animate__fadeInUp\" data-wow-duration=\"0.8s\" data-wow-delay=\"0.6s\">\n\t\t\t\t\t\t\t\t\t<a href=\"https:\/\/project-iq5312.bootests.com\/en\/products\/iris\/\" class=\"product-grid-link\">\n\t\t\t\t\t\t\t\t\t\n\t\t\t\t\t\t\t\t\t\t<div class=\"product-grid-image\">\n\t\t\t\t\t\t\t\t\t\t\t\n\t\t\t\t\t\t\t\t\t\t\t\t\t\t\t\t\t\t\t\t\t\t<img decoding=\"async\" src=\"https:\/\/project-iq5312.bootests.com\/wp-content\/uploads\/iris-kanepe-image-3-1024x1024.webp\" alt=\"Iris\" class=\"secondary-image-hover\">\n\t\t\t\t\t\t\t\t\t\t\t\t\t\t\t\t\t\t\t\t\t\t<img decoding=\"async\" width=\"640\" height=\"640\" src=\"https:\/\/project-iq5312.bootests.com\/wp-content\/uploads\/iris-kanepe-image-1-1024x1024.webp\" class=\"primary-image wp-post-image\" alt=\"\" srcset=\"https:\/\/project-iq5312.bootests.com\/wp-content\/uploads\/iris-kanepe-image-1-1024x1024.webp 1024w, https:\/\/project-iq5312.bootests.com\/wp-content\/uploads\/iris-kanepe-image-1-300x300.webp 300w, https:\/\/project-iq5312.bootests.com\/wp-content\/uploads\/iris-kanepe-image-1-150x150.webp 150w, https:\/\/project-iq5312.bootests.com\/wp-content\/uploads\/iris-kanepe-image-1-768x768.webp 768w, https:\/\/project-iq5312.bootests.com\/wp-content\/uploads\/iris-kanepe-image-1-1536x1536.webp 1536w, https:\/\/project-iq5312.bootests.com\/wp-content\/uploads\/iris-kanepe-image-1-2048x2048.webp 2048w\" sizes=\"(max-width: 640px) 100vw, 640px\" \/>\t\t\t\t\t\t\t\t\t\t\t\n\t\t\t\t\t\t\t\t\t\t<\/div>\n\t\t\t\t\t\t\t\t\t\t<div class=\"product-grid-info\">\n\t\t\t\t\t\t\t\t\t\t\t<h2 class=\"product-grid-name\">IRIs<\/h2>\n\t\t\t\t\t\t\t\t\t\t\t<span class=\"product-grid-arrow\">\n\t\t\t\t\t\t\t\t\t\t\t\t<img decoding=\"async\" src=\"\/wp-content\/themes\/iqon\/img\/arrow-left-2-light-1-2-1.svg\">\n\t\t\t\t\t\t\t\t\t\t\t<\/span>\n\t\t\t\t\t\t\t\t\t\t<\/div>\n\t\t\t\t\t\t\t\t\t<\/a>\n\t\t\t\t\t\t\t\t<\/div>\n\t\t\t\t\t\t\t\t\t\t\t\t\t\t\t<div class=\"product-grid-item wow animate__fadeInUp\" data-wow-duration=\"0.8s\" data-wow-delay=\"0.8s\">\n\t\t\t\t\t\t\t\t\t<a href=\"https:\/\/project-iq5312.bootests.com\/en\/products\/leo-double\/\" class=\"product-grid-link\">\n\t\t\t\t\t\t\t\t\t\n\t\t\t\t\t\t\t\t\t\t<div class=\"product-grid-image\">\n\t\t\t\t\t\t\t\t\t\t\t\n\t\t\t\t\t\t\t\t\t\t\t\t\t\t\t\t\t\t\t\t\t\t<img decoding=\"async\" src=\"https:\/\/project-iq5312.bootests.com\/wp-content\/uploads\/leo-double-kanepe-image-2-1024x1024.webp\" alt=\"Leo Double\" class=\"secondary-image-hover\">\n\t\t\t\t\t\t\t\t\t\t\t\t\t\t\t\t\t\t\t\t\t\t<img decoding=\"async\" width=\"640\" height=\"640\" src=\"https:\/\/project-iq5312.bootests.com\/wp-content\/uploads\/leo-double-kanepe-image-1-1024x1024.webp\" class=\"primary-image wp-post-image\" alt=\"\" srcset=\"https:\/\/project-iq5312.bootests.com\/wp-content\/uploads\/leo-double-kanepe-image-1-1024x1024.webp 1024w, https:\/\/project-iq5312.bootests.com\/wp-content\/uploads\/leo-double-kanepe-image-1-300x300.webp 300w, https:\/\/project-iq5312.bootests.com\/wp-content\/uploads\/leo-double-kanepe-image-1-150x150.webp 150w, https:\/\/project-iq5312.bootests.com\/wp-content\/uploads\/leo-double-kanepe-image-1-768x768.webp 768w, https:\/\/project-iq5312.bootests.com\/wp-content\/uploads\/leo-double-kanepe-image-1-1536x1536.webp 1536w, https:\/\/project-iq5312.bootests.com\/wp-content\/uploads\/leo-double-kanepe-image-1-2048x2048.webp 2048w\" sizes=\"(max-width: 640px) 100vw, 640px\" \/>\t\t\t\t\t\t\t\t\t\t\t\n\t\t\t\t\t\t\t\t\t\t<\/div>\n\t\t\t\t\t\t\t\t\t\t<div class=\"product-grid-info\">\n\t\t\t\t\t\t\t\t\t\t\t<h2 class=\"product-grid-name\">Leo Double<\/h2>\n\t\t\t\t\t\t\t\t\t\t\t<span class=\"product-grid-arrow\">\n\t\t\t\t\t\t\t\t\t\t\t\t<img decoding=\"async\" src=\"\/wp-content\/themes\/iqon\/img\/arrow-left-2-light-1-2-1.svg\">\n\t\t\t\t\t\t\t\t\t\t\t<\/span>\n\t\t\t\t\t\t\t\t\t\t<\/div>\n\t\t\t\t\t\t\t\t\t<\/a>\n\t\t\t\t\t\t\t\t<\/div>\n\t\t\t\t\t\t\t\t\t\t\t\t\t\t\t<div class=\"product-grid-item wow animate__fadeInUp\" data-wow-duration=\"0.8s\" data-wow-delay=\"1s\">\n\t\t\t\t\t\t\t\t\t<a href=\"https:\/\/project-iq5312.bootests.com\/en\/products\/lucida\/\" class=\"product-grid-link\">\n\t\t\t\t\t\t\t\t\t\n\t\t\t\t\t\t\t\t\t\t<div class=\"product-grid-image\">\n\t\t\t\t\t\t\t\t\t\t\t\n\t\t\t\t\t\t\t\t\t\t\t\t\t\t\t\t\t\t\t\t\t\t<img decoding=\"async\" src=\"https:\/\/project-iq5312.bootests.com\/wp-content\/uploads\/lucida-kanepe-image-2-1024x1024.webp\" alt=\"Lucida\" class=\"secondary-image-hover\">\n\t\t\t\t\t\t\t\t\t\t\t\t\t\t\t\t\t\t\t\t\t\t<img decoding=\"async\" width=\"640\" height=\"640\" src=\"https:\/\/project-iq5312.bootests.com\/wp-content\/uploads\/lucida-kanepe-image-1-1024x1024.webp\" class=\"primary-image wp-post-image\" alt=\"\" srcset=\"https:\/\/project-iq5312.bootests.com\/wp-content\/uploads\/lucida-kanepe-image-1-1024x1024.webp 1024w, https:\/\/project-iq5312.bootests.com\/wp-content\/uploads\/lucida-kanepe-image-1-300x300.webp 300w, https:\/\/project-iq5312.bootests.com\/wp-content\/uploads\/lucida-kanepe-image-1-150x150.webp 150w, https:\/\/project-iq5312.bootests.com\/wp-content\/uploads\/lucida-kanepe-image-1-768x768.webp 768w, https:\/\/project-iq5312.bootests.com\/wp-content\/uploads\/lucida-kanepe-image-1-1536x1536.webp 1536w, https:\/\/project-iq5312.bootests.com\/wp-content\/uploads\/lucida-kanepe-image-1-2048x2048.webp 2048w\" sizes=\"(max-width: 640px) 100vw, 640px\" \/>\t\t\t\t\t\t\t\t\t\t\t\n\t\t\t\t\t\t\t\t\t\t<\/div>\n\t\t\t\t\t\t\t\t\t\t<div class=\"product-grid-info\">\n\t\t\t\t\t\t\t\t\t\t\t<h2 class=\"product-grid-name\">LucIda<\/h2>\n\t\t\t\t\t\t\t\t\t\t\t<span class=\"product-grid-arrow\">\n\t\t\t\t\t\t\t\t\t\t\t\t<img decoding=\"async\" src=\"\/wp-content\/themes\/iqon\/img\/arrow-left-2-light-1-2-1.svg\">\n\t\t\t\t\t\t\t\t\t\t\t<\/span>\n\t\t\t\t\t\t\t\t\t\t<\/div>\n\t\t\t\t\t\t\t\t\t<\/a>\n\t\t\t\t\t\t\t\t<\/div>\n\t\t\t\t\t\t\t\t\t\t\t\t\t\t\t<div class=\"product-grid-item wow animate__fadeInUp\" data-wow-duration=\"0.8s\" data-wow-delay=\"1s\">\n\t\t\t\t\t\t\t\t\t<a href=\"https:\/\/project-iq5312.bootests.com\/en\/products\/novale\/\" class=\"product-grid-link\">\n\t\t\t\t\t\t\t\t\t\n\t\t\t\t\t\t\t\t\t\t<div class=\"product-grid-image\">\n\t\t\t\t\t\t\t\t\t\t\t\n\t\t\t\t\t\t\t\t\t\t\t\t\t\t\t\t\t\t\t\t\t\t<img decoding=\"async\" src=\"https:\/\/project-iq5312.bootests.com\/wp-content\/uploads\/novale-kanepe-image-2-1024x1024.webp\" alt=\"Novale\" class=\"secondary-image-hover\">\n\t\t\t\t\t\t\t\t\t\t\t\t\t\t\t\t\t\t\t\t\t\t<img decoding=\"async\" width=\"640\" height=\"640\" src=\"https:\/\/project-iq5312.bootests.com\/wp-content\/uploads\/novale-kanepe-image-1-1024x1024.webp\" class=\"primary-image wp-post-image\" alt=\"\" srcset=\"https:\/\/project-iq5312.bootests.com\/wp-content\/uploads\/novale-kanepe-image-1-1024x1024.webp 1024w, https:\/\/project-iq5312.bootests.com\/wp-content\/uploads\/novale-kanepe-image-1-300x300.webp 300w, https:\/\/project-iq5312.bootests.com\/wp-content\/uploads\/novale-kanepe-image-1-150x150.webp 150w, https:\/\/project-iq5312.bootests.com\/wp-content\/uploads\/novale-kanepe-image-1-768x768.webp 768w, https:\/\/project-iq5312.bootests.com\/wp-content\/uploads\/novale-kanepe-image-1-1536x1536.webp 1536w, https:\/\/project-iq5312.bootests.com\/wp-content\/uploads\/novale-kanepe-image-1-2048x2048.webp 2048w\" sizes=\"(max-width: 640px) 100vw, 640px\" \/>\t\t\t\t\t\t\t\t\t\t\t\n\t\t\t\t\t\t\t\t\t\t<\/div>\n\t\t\t\t\t\t\t\t\t\t<div class=\"product-grid-info\">\n\t\t\t\t\t\t\t\t\t\t\t<h2 class=\"product-grid-name\">NovaLe<\/h2>\n\t\t\t\t\t\t\t\t\t\t\t<span class=\"product-grid-arrow\">\n\t\t\t\t\t\t\t\t\t\t\t\t<img decoding=\"async\" src=\"\/wp-content\/themes\/iqon\/img\/arrow-left-2-light-1-2-1.svg\">\n\t\t\t\t\t\t\t\t\t\t\t<\/span>\n\t\t\t\t\t\t\t\t\t\t<\/div>\n\t\t\t\t\t\t\t\t\t<\/a>\n\t\t\t\t\t\t\t\t<\/div>\n\t\t\t\t\t\t\t\t\t\t\t\t\t\t\t<div class=\"product-grid-item wow animate__fadeInUp\" data-wow-duration=\"0.8s\" data-wow-delay=\"1s\">\n\t\t\t\t\t\t\t\t\t<a href=\"https:\/\/project-iq5312.bootests.com\/en\/products\/serenus\/\" class=\"product-grid-link\">\n\t\t\t\t\t\t\t\t\t\n\t\t\t\t\t\t\t\t\t\t<div class=\"product-grid-image\">\n\t\t\t\t\t\t\t\t\t\t\t\n\t\t\t\t\t\t\t\t\t\t\t\t\t\t\t\t\t\t\t\t\t\t<img decoding=\"async\" src=\"https:\/\/project-iq5312.bootests.com\/wp-content\/uploads\/serenus-kanepe-image-2-1024x1024.webp\" alt=\"Serenus\" class=\"secondary-image-hover\">\n\t\t\t\t\t\t\t\t\t\t\t\t\t\t\t\t\t\t\t\t\t\t<img decoding=\"async\" width=\"640\" height=\"640\" src=\"https:\/\/project-iq5312.bootests.com\/wp-content\/uploads\/serenus-kanepe-image-1-1024x1024.webp\" class=\"primary-image wp-post-image\" alt=\"\" srcset=\"https:\/\/project-iq5312.bootests.com\/wp-content\/uploads\/serenus-kanepe-image-1-1024x1024.webp 1024w, https:\/\/project-iq5312.bootests.com\/wp-content\/uploads\/serenus-kanepe-image-1-300x300.webp 300w, https:\/\/project-iq5312.bootests.com\/wp-content\/uploads\/serenus-kanepe-image-1-150x150.webp 150w, https:\/\/project-iq5312.bootests.com\/wp-content\/uploads\/serenus-kanepe-image-1-768x768.webp 768w, https:\/\/project-iq5312.bootests.com\/wp-content\/uploads\/serenus-kanepe-image-1-1536x1536.webp 1536w, https:\/\/project-iq5312.bootests.com\/wp-content\/uploads\/serenus-kanepe-image-1-2048x2048.webp 2048w\" sizes=\"(max-width: 640px) 100vw, 640px\" \/>\t\t\t\t\t\t\t\t\t\t\t\n\t\t\t\t\t\t\t\t\t\t<\/div>\n\t\t\t\t\t\t\t\t\t\t<div class=\"product-grid-info\">\n\t\t\t\t\t\t\t\t\t\t\t<h2 class=\"product-grid-name\">SeReNus<\/h2>\n\t\t\t\t\t\t\t\t\t\t\t<span class=\"product-grid-arrow\">\n\t\t\t\t\t\t\t\t\t\t\t\t<img decoding=\"async\" src=\"\/wp-content\/themes\/iqon\/img\/arrow-left-2-light-1-2-1.svg\">\n\t\t\t\t\t\t\t\t\t\t\t<\/span>\n\t\t\t\t\t\t\t\t\t\t<\/div>\n\t\t\t\t\t\t\t\t\t<\/a>\n\t\t\t\t\t\t\t\t<\/div>\n\t\t\t\t\t\t\t\t\t\t\t\t\t\t\t<div class=\"product-grid-item wow animate__fadeInUp\" data-wow-duration=\"0.8s\" data-wow-delay=\"1s\">\n\t\t\t\t\t\t\t\t\t<a href=\"https:\/\/project-iq5312.bootests.com\/en\/products\/summer\/\" class=\"product-grid-link\">\n\t\t\t\t\t\t\t\t\t\n\t\t\t\t\t\t\t\t\t\t<div class=\"product-grid-image\">\n\t\t\t\t\t\t\t\t\t\t\t\n\t\t\t\t\t\t\t\t\t\t\t\t\t\t\t\t\t\t\t\t\t\t<img decoding=\"async\" src=\"https:\/\/project-iq5312.bootests.com\/wp-content\/uploads\/summer-kanepe-image-2-1024x1024.webp\" alt=\"Summer\" class=\"secondary-image-hover\">\n\t\t\t\t\t\t\t\t\t\t\t\t\t\t\t\t\t\t\t\t\t\t<img decoding=\"async\" width=\"640\" height=\"640\" src=\"https:\/\/project-iq5312.bootests.com\/wp-content\/uploads\/summer-kanepe-image-1-1024x1024.webp\" class=\"primary-image wp-post-image\" alt=\"\" srcset=\"https:\/\/project-iq5312.bootests.com\/wp-content\/uploads\/summer-kanepe-image-1-1024x1024.webp 1024w, https:\/\/project-iq5312.bootests.com\/wp-content\/uploads\/summer-kanepe-image-1-300x300.webp 300w, https:\/\/project-iq5312.bootests.com\/wp-content\/uploads\/summer-kanepe-image-1-150x150.webp 150w, https:\/\/project-iq5312.bootests.com\/wp-content\/uploads\/summer-kanepe-image-1-768x768.webp 768w, https:\/\/project-iq5312.bootests.com\/wp-content\/uploads\/summer-kanepe-image-1-1536x1536.webp 1536w, https:\/\/project-iq5312.bootests.com\/wp-content\/uploads\/summer-kanepe-image-1-2048x2048.webp 2048w\" sizes=\"(max-width: 640px) 100vw, 640px\" \/>\t\t\t\t\t\t\t\t\t\t\t\n\t\t\t\t\t\t\t\t\t\t<\/div>\n\t\t\t\t\t\t\t\t\t\t<div class=\"product-grid-info\">\n\t\t\t\t\t\t\t\t\t\t\t<h2 class=\"product-grid-name\">SuMMeR<\/h2>\n\t\t\t\t\t\t\t\t\t\t\t<span class=\"product-grid-arrow\">\n\t\t\t\t\t\t\t\t\t\t\t\t<img decoding=\"async\" src=\"\/wp-content\/themes\/iqon\/img\/arrow-left-2-light-1-2-1.svg\">\n\t\t\t\t\t\t\t\t\t\t\t<\/span>\n\t\t\t\t\t\t\t\t\t\t<\/div>\n\t\t\t\t\t\t\t\t\t<\/a>\n\t\t\t\t\t\t\t\t<\/div>\n\t\t\t\t\t\t\t\t\t\t\t\t\t<\/div>\n\t\t\t\t\t\t\n\t\t\t\t\t<!-- Pagination -->\n\t\t\t\t\t\t\t\t\t\t\t\n\t\t\t\t\t\t\t\t\t\t\t\t\t\t<\/div>\n\t\t\t<\/div>\n\t\t\n\t<\/div>\n\t\n\t\n","protected":false},"excerpt":{"rendered":"","protected":false},"author":1,"featured_media":2203,"parent":2430,"menu_order":0,"comment_status":"closed","ping_status":"closed","template":"","meta":{"_acf_changed":false,"footnotes":""},"class_list":["post-2433","page","type-page","status-publish","has-post-thumbnail","hentry"],"acf":[],"_links":{"self":[{"href":"https:\/\/project-iq5312.bootests.com\/en\/wp-json\/wp\/v2\/pages\/2433","targetHints":{"allow":["GET"]}}],"collection":[{"href":"https:\/\/project-iq5312.bootests.com\/en\/wp-json\/wp\/v2\/pages"}],"about":[{"href":"https:\/\/project-iq5312.bootests.com\/en\/wp-json\/wp\/v2\/types\/page"}],"author":[{"embeddable":true,"href":"https:\/\/project-iq5312.bootests.com\/en\/wp-json\/wp\/v2\/users\/1"}],"replies":[{"embeddable":true,"href":"https:\/\/project-iq5312.bootests.com\/en\/wp-json\/wp\/v2\/comments?post=2433"}],"version-history":[{"count":2,"href":"https:\/\/project-iq5312.bootests.com\/en\/wp-json\/wp\/v2\/pages\/2433\/revisions"}],"predecessor-version":[{"id":2435,"href":"https:\/\/project-iq5312.bootests.com\/en\/wp-json\/wp\/v2\/pages\/2433\/revisions\/2435"}],"up":[{"embeddable":true,"href":"https:\/\/project-iq5312.bootests.com\/en\/wp-json\/wp\/v2\/pages\/2430"}],"wp:featuredmedia":[{"embeddable":true,"href":"https:\/\/project-iq5312.bootests.com\/en\/wp-json\/wp\/v2\/media\/2203"}],"wp:attachment":[{"href":"https:\/\/project-iq5312.bootests.com\/en\/wp-json\/wp\/v2\/media?parent=2433"}],"curies":[{"name":"wp","href":"https:\/\/api.w.org\/{rel}","templated":true}]}}