{"id":2445,"date":"2025-11-07T06:55:33","date_gmt":"2025-11-07T06:55:33","guid":{"rendered":"https:\/\/project-iq5312.bootests.com\/satis-noktalarimiz\/"},"modified":"2026-02-17T14:42:17","modified_gmt":"2026-02-17T14:42:17","slug":"our-stores","status":"publish","type":"page","link":"https:\/\/project-iq5312.bootests.com\/en\/our-stores\/","title":{"rendered":"Our Stores"},"content":{"rendered":"<section class=\"satis-noktalari-section\">\r\n        <div class=\"satis-noktalari-grid\">\r\n                                <div class=\"satis-nokta-card wow animate__fadeInUp\" data-wow-duration=\"1s\" data-wow-delay=\"0.25s\">\r\n                                                <div class=satis-noktalari-content>\r\n                        <a href=\"https:\/\/www.google.com\/maps\/place\/\/data=!4m2!3m1!1s0x14cab429b6331bc5:0x2b78435fb80a65f5?sa=X&#038;ved=1t:8290&#038;ictx=111\">\r\n                        <h3 class=\"satis-nokta-title\">\u0130sTaNbul &#8211; SkYlaNd HoM DesigN CeNTer<\/h3>\r\n                        <div class=\"satis-nokta-description\"><\/div>\r\n                        <\/a>\r\n                                                \r\n                                                <a href=\"https:\/\/www.google.com\/maps\/place\/\/data=!4m2!3m1!1s0x14cab429b6331bc5:0x2b78435fb80a65f5?sa=X&#038;ved=1t:8290&#038;ictx=111\" class=\"satis-nokta-button\">\r\n                            <span>View Location<\/span>\r\n                            <img decoding=\"async\" src=\"\/wp-content\/themes\/iqon\/img\/arrow-left-2.svg\" alt=\"Arrow\" class=\"button-arrow\">\r\n                        <\/a>\r\n                                            <\/div>\r\n                    <\/div>\r\n                                        <div class=\"satis-nokta-card wow animate__fadeInUp\" data-wow-duration=\"1s\" data-wow-delay=\"0.5s\">\r\n                                                <div class=satis-noktalari-content>\r\n                        <a href=\"https:\/\/www.google.com\/maps\/place\/\/data=!4m2!3m1!1s0x14d08ff9b7d6f487:0x2d5b865c13bb2b44?sa=X&#038;ved=1t:8290&#038;ictx=111\">\r\n                        <h3 class=\"satis-nokta-title\">KoNYa &#8211; HoM STorY<\/h3>\r\n                        <div class=\"satis-nokta-description\"><\/div>\r\n                        <\/a>\r\n                                                \r\n                                                <a href=\"https:\/\/www.google.com\/maps\/place\/\/data=!4m2!3m1!1s0x14d08ff9b7d6f487:0x2d5b865c13bb2b44?sa=X&#038;ved=1t:8290&#038;ictx=111\" class=\"satis-nokta-button\">\r\n                            <span>View Location<\/span>\r\n                            <img decoding=\"async\" src=\"\/wp-content\/themes\/iqon\/img\/arrow-left-2.svg\" alt=\"Arrow\" class=\"button-arrow\">\r\n                        <\/a>\r\n                                            <\/div>\r\n                    <\/div>\r\n                            <\/div>\r\n\r\n<\/section>\r\n\r\n<style>\r\n    .satis-noktalari-section .satis-nokta-description p {\r\n        font-size: 16px;\r\n        font-weight: 400;\r\n        color: #121212;\r\n        margin: 10px 0;\r\n        line-height: 1.3;\r\n        font-family: \"Montserrat\", sans-serif;\r\n    }\r\n.satis-noktalari-section .satis-nokta-map.satis-nokta-image {\r\n    height: 789px;\r\n}\r\n.satis-noktalari-section .satis-nokta-map.satis-nokta-image iframe {\r\n    width: 100%;\r\n    height: 100%;\r\n    min-height: 789px;\r\n    display: block;\r\n    border-radius: 30px;\r\n}\r\n\r\n\/* Shape dekorasyonlar\u0131 - t\u00fcm kartlar aras\u0131nda devam eder (3 s\u00fctunlu grid) *\/\r\n\/* 1., 4., 7... kartlar - sat\u0131r ba\u015f\u0131: sa\u011fda shape *\/\r\n.satis-noktalari-section .satis-nokta-card:nth-child(3n+1) .satis-nokta-image::after {\r\n    content: '';\r\n    position: absolute;\r\n    right: -19px;\r\n    top: 50%;\r\n    transform: translateY(-50%) rotate(90deg);\r\n    width: 120px;\r\n    height: 120px;\r\n    background-image: url('\/wp-content\/themes\/iqon\/img\/shape-beyaz.svg');\r\n    background-size: contain;\r\n    background-repeat: no-repeat;\r\n    background-position: center;\r\n    z-index: 2;\r\n    pointer-events: none;\r\n}\r\n\/* 2., 5., 8... kartlar - ortadaki: hem solda hem sa\u011fda shape *\/\r\n.satis-noktalari-section .satis-nokta-card:nth-child(3n+2) .satis-nokta-image::before {\r\n    content: '';\r\n    position: absolute;\r\n    left: -19px;\r\n    top: 50%;\r\n    transform: translateY(-50%) rotate(270deg);\r\n    width: 120px;\r\n    height: 120px;\r\n    background-image: url('\/wp-content\/themes\/iqon\/img\/shape-beyaz.svg');\r\n    background-size: contain;\r\n    background-repeat: no-repeat;\r\n    background-position: center;\r\n    z-index: 2;\r\n    pointer-events: none;\r\n}\r\n.satis-noktalari-section .satis-nokta-card:nth-child(3n+2) .satis-nokta-image::after {\r\n    content: '';\r\n    position: absolute;\r\n    right: -19px;\r\n    top: 50%;\r\n    transform: translateY(-50%) rotate(90deg);\r\n    width: 120px;\r\n    height: 120px;\r\n    background-image: url('\/wp-content\/themes\/iqon\/img\/shape-beyaz.svg');\r\n    background-size: contain;\r\n    background-repeat: no-repeat;\r\n    background-position: center;\r\n    z-index: 2;\r\n    pointer-events: none;\r\n}\r\n\/* 3., 6., 9... kartlar - sat\u0131r sonu: solda shape *\/\r\n.satis-noktalari-section .satis-nokta-card:nth-child(3n) .satis-nokta-image::before {\r\n    content: '';\r\n    position: absolute;\r\n    left: -19px;\r\n    top: 50%;\r\n    transform: translateY(-50%) rotate(270deg);\r\n    width: 120px;\r\n    height: 120px;\r\n    background-image: url('\/wp-content\/themes\/iqon\/img\/shape-beyaz.svg');\r\n    background-size: contain;\r\n    background-repeat: no-repeat;\r\n    background-position: center;\r\n    z-index: 2;\r\n    pointer-events: none;\r\n}\r\n\r\n@media screen and (max-width: 1023px) {\r\n    .satis-noktalari-section .satis-nokta-map.satis-nokta-image {\r\n        height: 500px;\r\n    }\r\n}\r\n@media screen and (max-width: 767px) {\r\n    .satis-noktalari-section .satis-nokta-map.satis-nokta-image {\r\n        height: 500px;\r\n    }\r\n    .satis-noktalari-section .satis-nokta-card .satis-nokta-image::after,\r\n    .satis-noktalari-section .satis-nokta-card .satis-nokta-image::before {\r\n        width: 60px !important;\r\n        height: 60px !important;\r\n        right: -9px !important;\r\n        left: -9px !important;\r\n    }\r\n}\r\n<\/style>\r\n","protected":false},"excerpt":{"rendered":"","protected":false},"author":1,"featured_media":0,"parent":0,"menu_order":0,"comment_status":"closed","ping_status":"closed","template":"","meta":{"_acf_changed":false,"footnotes":""},"class_list":["post-2445","page","type-page","status-publish","hentry"],"acf":[],"_links":{"self":[{"href":"https:\/\/project-iq5312.bootests.com\/en\/wp-json\/wp\/v2\/pages\/2445","targetHints":{"allow":["GET"]}}],"collection":[{"href":"https:\/\/project-iq5312.bootests.com\/en\/wp-json\/wp\/v2\/pages"}],"about":[{"href":"https:\/\/project-iq5312.bootests.com\/en\/wp-json\/wp\/v2\/types\/page"}],"author":[{"embeddable":true,"href":"https:\/\/project-iq5312.bootests.com\/en\/wp-json\/wp\/v2\/users\/1"}],"replies":[{"embeddable":true,"href":"https:\/\/project-iq5312.bootests.com\/en\/wp-json\/wp\/v2\/comments?post=2445"}],"version-history":[{"count":3,"href":"https:\/\/project-iq5312.bootests.com\/en\/wp-json\/wp\/v2\/pages\/2445\/revisions"}],"predecessor-version":[{"id":2448,"href":"https:\/\/project-iq5312.bootests.com\/en\/wp-json\/wp\/v2\/pages\/2445\/revisions\/2448"}],"wp:attachment":[{"href":"https:\/\/project-iq5312.bootests.com\/en\/wp-json\/wp\/v2\/media?parent=2445"}],"curies":[{"name":"wp","href":"https:\/\/api.w.org\/{rel}","templated":true}]}}