{"id":2467,"date":"2025-11-27T13:46:39","date_gmt":"2025-11-27T13:46:39","guid":{"rendered":"https:\/\/project-iq5312.bootests.com\/tv-unitesi-bufe\/"},"modified":"2026-02-19T09:31:40","modified_gmt":"2026-02-19T09:31:40","slug":"tv-unit-sideboard","status":"publish","type":"page","link":"https:\/\/project-iq5312.bootests.com\/en\/complementary-furniture\/tv-unit-sideboard\/","title":{"rendered":"TV Unit &#038; Sideboard"},"content":{"rendered":"\t\n\t<div class=\"products-category-section\">\n\t\n\t\t\t<!-- Mobile Category Toggle Button -->\n\t\t\t<button class=\"mobile-category-toggle\" aria-label=\"Kategorileri A\u00e7\/Kapat\">\n\t\t\t\t<img decoding=\"async\" src=\"\/wp-content\/themes\/iqon\/img\/filter-icon.svg\">\n\t\t\t\t<span>CaTegoRIes<\/span>\n\t\t\t\t\n\t\t\t<\/button>\n\t\n\t\t\t<div class=\"products-category-container\">\n\t\t<!-- Sidebar: Categories -->\n\t\t<aside class=\"category-sidebar\">\n\t\t\t<ul class=\"category-list\">\n\t\t\t\t\t\t\t<!-- \"T\u00fcm \u00dcr\u00fcnler\" link - Only show if showing subcategories -->\n\t\t\t\t\t\t\t\t<div class=\"sidebar-kategori-title\">CaTegoRIes<\/div>\n\t\t\t\t<li class=\"category-item \">\n\t\t\t\t\t<a href=\"https:\/\/project-iq5312.bootests.com\/en\/complementary-furniture\/\" class=\"category-link\">\n\t\t\t\t\t\t<span class=\"category-name\">All Products - <span class=\"category-count\">38<\/span><\/span>\n\t\t\t\t\t\t\n\t\t\t\t\t<\/a>\n\t\t\t\t<\/li>\n\t\t\t\t\t\t\t\n\t\t\t\t\t\t\t\t\t\t\t\t\t\t\t<li class=\"category-item \">\n\t\t\t\t\t\t\t<a href=\"https:\/\/project-iq5312.bootests.com\/en\/wp-json\/wp\/v2\/pages\/2467\/bookshelf\/\" class=\"category-link\">\n\t\t\t\t\t\t\t\t<span class=\"category-name\">Bookshelf - <span class=\"category-count\">3<\/span> <\/span>\n\t\t\t\t\t\t\t\t\n\t\t\t\t\t\t\t<\/a>\n\t\t\t\t\t\t<\/li>\n\t\t\t\t\t\t\t\t\t\t\t<li class=\"category-item \">\n\t\t\t\t\t\t\t<a href=\"https:\/\/project-iq5312.bootests.com\/en\/wp-json\/wp\/v2\/pages\/2467\/tables\/\" class=\"category-link\">\n\t\t\t\t\t\t\t\t<span class=\"category-name\">Tables - <span class=\"category-count\">14<\/span> <\/span>\n\t\t\t\t\t\t\t\t\n\t\t\t\t\t\t\t<\/a>\n\t\t\t\t\t\t<\/li>\n\t\t\t\t\t\t\t\t\t\t\t<li class=\"category-item \">\n\t\t\t\t\t\t\t<a href=\"https:\/\/project-iq5312.bootests.com\/en\/wp-json\/wp\/v2\/pages\/2467\/tables-chairs\/\" class=\"category-link\">\n\t\t\t\t\t\t\t\t<span class=\"category-name\">Tables &amp; Chairs - <span class=\"category-count\">14<\/span> <\/span>\n\t\t\t\t\t\t\t\t\n\t\t\t\t\t\t\t<\/a>\n\t\t\t\t\t\t<\/li>\n\t\t\t\t\t\t\t\t\t\t\t<li class=\"category-item active\">\n\t\t\t\t\t\t\t<a href=\"https:\/\/project-iq5312.bootests.com\/en\/wp-json\/wp\/v2\/pages\/2467\/tv-unit-sideboard\/\" class=\"category-link\">\n\t\t\t\t\t\t\t\t<span class=\"category-name\">TV Unit &amp; Sideboard - <span class=\"category-count\">7<\/span> <\/span>\n\t\t\t\t\t\t\t\t\n\t\t\t\t\t\t\t<\/a>\n\t\t\t\t\t\t<\/li>\n\t\t\t\t\t\t\t\t\t\t\t\t<\/ul>\n\t\t<\/aside>\n\t\t\t\t\n\t\t\t\t<!-- Main: Products Grid -->\n\t\t\t\t<div class=\"products-grid-wrapper\">\n\t\t\t\t\t\t\t\t\t\t\t<div class=\"products-grid\">\n\t\t\t\t\t\t\t\t\t\t\t\t\t\t\t<div class=\"product-grid-item wow animate__fadeInUp\" data-wow-duration=\"0.8s\" data-wow-delay=\"0.2s\">\n\t\t\t\t\t\t\t\t\t<a href=\"https:\/\/project-iq5312.bootests.com\/en\/products\/117-tv-unitesi-bufe\/\" class=\"product-grid-link\">\n\t\t\t\t\t\t\t\t\t\n\t\t\t\t\t\t\t\t\t\t<div class=\"product-grid-image\">\n\t\t\t\t\t\t\t\t\t\t\t\n\t\t\t\t\t\t\t\t\t\t\t\t\t\t\t\t\t\t\t\t\t\t<img decoding=\"async\" src=\"https:\/\/project-iq5312.bootests.com\/wp-content\/uploads\/177-bufe-image-5-1024x1024.webp\" alt=\"117\" class=\"secondary-image-hover\">\n\t\t\t\t\t\t\t\t\t\t\t\t\t\t\t\t\t\t\t\t\t\t<img decoding=\"async\" width=\"640\" height=\"640\" src=\"https:\/\/project-iq5312.bootests.com\/wp-content\/uploads\/177-bufe-image-2-1024x1024.webp\" class=\"primary-image wp-post-image\" alt=\"\" srcset=\"https:\/\/project-iq5312.bootests.com\/wp-content\/uploads\/177-bufe-image-2-1024x1024.webp 1024w, https:\/\/project-iq5312.bootests.com\/wp-content\/uploads\/177-bufe-image-2-300x300.webp 300w, https:\/\/project-iq5312.bootests.com\/wp-content\/uploads\/177-bufe-image-2-150x150.webp 150w, https:\/\/project-iq5312.bootests.com\/wp-content\/uploads\/177-bufe-image-2-768x768.webp 768w, https:\/\/project-iq5312.bootests.com\/wp-content\/uploads\/177-bufe-image-2-1536x1536.webp 1536w, https:\/\/project-iq5312.bootests.com\/wp-content\/uploads\/177-bufe-image-2-2048x2048.webp 2048w\" sizes=\"(max-width: 640px) 100vw, 640px\" \/>\t\t\t\t\t\t\t\t\t\t\t\n\t\t\t\t\t\t\t\t\t\t<\/div>\n\t\t\t\t\t\t\t\t\t\t<div class=\"product-grid-info\">\n\t\t\t\t\t\t\t\t\t\t\t<h2 class=\"product-grid-name\">117<\/h2>\n\t\t\t\t\t\t\t\t\t\t\t<span class=\"product-grid-arrow\">\n\t\t\t\t\t\t\t\t\t\t\t\t<img decoding=\"async\" src=\"\/wp-content\/themes\/iqon\/img\/arrow-left-2-light-1-2-1.svg\">\n\t\t\t\t\t\t\t\t\t\t\t<\/span>\n\t\t\t\t\t\t\t\t\t\t<\/div>\n\t\t\t\t\t\t\t\t\t<\/a>\n\t\t\t\t\t\t\t\t<\/div>\n\t\t\t\t\t\t\t\t\t\t\t\t\t\t\t<div class=\"product-grid-item wow animate__fadeInUp\" data-wow-duration=\"0.8s\" data-wow-delay=\"0.4s\">\n\t\t\t\t\t\t\t\t\t<a href=\"https:\/\/project-iq5312.bootests.com\/en\/products\/ava\/\" class=\"product-grid-link\">\n\t\t\t\t\t\t\t\t\t\n\t\t\t\t\t\t\t\t\t\t<div class=\"product-grid-image\">\n\t\t\t\t\t\t\t\t\t\t\t\n\t\t\t\t\t\t\t\t\t\t\t\t\t\t\t\t\t\t\t\t\t\t<img decoding=\"async\" src=\"https:\/\/project-iq5312.bootests.com\/wp-content\/uploads\/ava-bufe-image-3-1024x1024.webp\" alt=\"Ava\" class=\"secondary-image-hover\">\n\t\t\t\t\t\t\t\t\t\t\t\t\t\t\t\t\t\t\t\t\t\t<img decoding=\"async\" width=\"640\" height=\"640\" src=\"https:\/\/project-iq5312.bootests.com\/wp-content\/uploads\/ava-bufe-image-7-1024x1024.webp\" class=\"primary-image wp-post-image\" alt=\"\" srcset=\"https:\/\/project-iq5312.bootests.com\/wp-content\/uploads\/ava-bufe-image-7-1024x1024.webp 1024w, https:\/\/project-iq5312.bootests.com\/wp-content\/uploads\/ava-bufe-image-7-300x300.webp 300w, https:\/\/project-iq5312.bootests.com\/wp-content\/uploads\/ava-bufe-image-7-150x150.webp 150w, https:\/\/project-iq5312.bootests.com\/wp-content\/uploads\/ava-bufe-image-7-768x768.webp 768w, https:\/\/project-iq5312.bootests.com\/wp-content\/uploads\/ava-bufe-image-7-1536x1536.webp 1536w, https:\/\/project-iq5312.bootests.com\/wp-content\/uploads\/ava-bufe-image-7-2048x2048.webp 2048w\" sizes=\"(max-width: 640px) 100vw, 640px\" \/>\t\t\t\t\t\t\t\t\t\t\t\n\t\t\t\t\t\t\t\t\t\t<\/div>\n\t\t\t\t\t\t\t\t\t\t<div class=\"product-grid-info\">\n\t\t\t\t\t\t\t\t\t\t\t<h2 class=\"product-grid-name\">Ava<\/h2>\n\t\t\t\t\t\t\t\t\t\t\t<span class=\"product-grid-arrow\">\n\t\t\t\t\t\t\t\t\t\t\t\t<img decoding=\"async\" src=\"\/wp-content\/themes\/iqon\/img\/arrow-left-2-light-1-2-1.svg\">\n\t\t\t\t\t\t\t\t\t\t\t<\/span>\n\t\t\t\t\t\t\t\t\t\t<\/div>\n\t\t\t\t\t\t\t\t\t<\/a>\n\t\t\t\t\t\t\t\t<\/div>\n\t\t\t\t\t\t\t\t\t\t\t\t\t\t\t<div class=\"product-grid-item wow animate__fadeInUp\" data-wow-duration=\"0.8s\" data-wow-delay=\"0.6s\">\n\t\t\t\t\t\t\t\t\t<a href=\"https:\/\/project-iq5312.bootests.com\/en\/products\/elio-1\/\" class=\"product-grid-link\">\n\t\t\t\t\t\t\t\t\t\n\t\t\t\t\t\t\t\t\t\t<div class=\"product-grid-image\">\n\t\t\t\t\t\t\t\t\t\t\t\n\t\t\t\t\t\t\t\t\t\t\t\t\t\t\t\t\t\t\t\t\t\t<img decoding=\"async\" src=\"https:\/\/project-iq5312.bootests.com\/wp-content\/uploads\/elio-bufe-image-5-1024x1024.webp\" alt=\"Elio\" class=\"secondary-image-hover\">\n\t\t\t\t\t\t\t\t\t\t\t\t\t\t\t\t\t\t\t\t\t\t<img decoding=\"async\" width=\"640\" height=\"640\" src=\"https:\/\/project-iq5312.bootests.com\/wp-content\/uploads\/elio-bufe-image-4-1024x1024.webp\" class=\"primary-image wp-post-image\" alt=\"\" srcset=\"https:\/\/project-iq5312.bootests.com\/wp-content\/uploads\/elio-bufe-image-4-1024x1024.webp 1024w, https:\/\/project-iq5312.bootests.com\/wp-content\/uploads\/elio-bufe-image-4-300x300.webp 300w, https:\/\/project-iq5312.bootests.com\/wp-content\/uploads\/elio-bufe-image-4-150x150.webp 150w, https:\/\/project-iq5312.bootests.com\/wp-content\/uploads\/elio-bufe-image-4-768x768.webp 768w, https:\/\/project-iq5312.bootests.com\/wp-content\/uploads\/elio-bufe-image-4-1536x1536.webp 1536w, https:\/\/project-iq5312.bootests.com\/wp-content\/uploads\/elio-bufe-image-4-2048x2048.webp 2048w\" sizes=\"(max-width: 640px) 100vw, 640px\" \/>\t\t\t\t\t\t\t\t\t\t\t\n\t\t\t\t\t\t\t\t\t\t<\/div>\n\t\t\t\t\t\t\t\t\t\t<div class=\"product-grid-info\">\n\t\t\t\t\t\t\t\t\t\t\t<h2 class=\"product-grid-name\">ElIo<\/h2>\n\t\t\t\t\t\t\t\t\t\t\t<span class=\"product-grid-arrow\">\n\t\t\t\t\t\t\t\t\t\t\t\t<img decoding=\"async\" src=\"\/wp-content\/themes\/iqon\/img\/arrow-left-2-light-1-2-1.svg\">\n\t\t\t\t\t\t\t\t\t\t\t<\/span>\n\t\t\t\t\t\t\t\t\t\t<\/div>\n\t\t\t\t\t\t\t\t\t<\/a>\n\t\t\t\t\t\t\t\t<\/div>\n\t\t\t\t\t\t\t\t\t\t\t\t\t\t\t<div class=\"product-grid-item wow animate__fadeInUp\" data-wow-duration=\"0.8s\" data-wow-delay=\"0.8s\">\n\t\t\t\t\t\t\t\t\t<a href=\"https:\/\/project-iq5312.bootests.com\/en\/products\/elio\/\" class=\"product-grid-link\">\n\t\t\t\t\t\t\t\t\t\n\t\t\t\t\t\t\t\t\t\t<div class=\"product-grid-image\">\n\t\t\t\t\t\t\t\t\t\t\t\n\t\t\t\t\t\t\t\t\t\t\t\t\t\t\t\t\t\t\t\t\t\t<img decoding=\"async\" src=\"https:\/\/project-iq5312.bootests.com\/wp-content\/uploads\/elio-vitrin-image-5-1024x1024.webp\" alt=\"Elio\" class=\"secondary-image-hover\">\n\t\t\t\t\t\t\t\t\t\t\t\t\t\t\t\t\t\t\t\t\t\t<img decoding=\"async\" width=\"640\" height=\"640\" src=\"https:\/\/project-iq5312.bootests.com\/wp-content\/uploads\/elio-vitrin-image-1-1024x1024.webp\" class=\"primary-image wp-post-image\" alt=\"\" srcset=\"https:\/\/project-iq5312.bootests.com\/wp-content\/uploads\/elio-vitrin-image-1-1024x1024.webp 1024w, https:\/\/project-iq5312.bootests.com\/wp-content\/uploads\/elio-vitrin-image-1-300x300.webp 300w, https:\/\/project-iq5312.bootests.com\/wp-content\/uploads\/elio-vitrin-image-1-150x150.webp 150w, https:\/\/project-iq5312.bootests.com\/wp-content\/uploads\/elio-vitrin-image-1-768x768.webp 768w, https:\/\/project-iq5312.bootests.com\/wp-content\/uploads\/elio-vitrin-image-1-1536x1536.webp 1536w, https:\/\/project-iq5312.bootests.com\/wp-content\/uploads\/elio-vitrin-image-1-2048x2048.webp 2048w\" sizes=\"(max-width: 640px) 100vw, 640px\" \/>\t\t\t\t\t\t\t\t\t\t\t\n\t\t\t\t\t\t\t\t\t\t<\/div>\n\t\t\t\t\t\t\t\t\t\t<div class=\"product-grid-info\">\n\t\t\t\t\t\t\t\t\t\t\t<h2 class=\"product-grid-name\">ElIo<\/h2>\n\t\t\t\t\t\t\t\t\t\t\t<span class=\"product-grid-arrow\">\n\t\t\t\t\t\t\t\t\t\t\t\t<img decoding=\"async\" src=\"\/wp-content\/themes\/iqon\/img\/arrow-left-2-light-1-2-1.svg\">\n\t\t\t\t\t\t\t\t\t\t\t<\/span>\n\t\t\t\t\t\t\t\t\t\t<\/div>\n\t\t\t\t\t\t\t\t\t<\/a>\n\t\t\t\t\t\t\t\t<\/div>\n\t\t\t\t\t\t\t\t\t\t\t\t\t\t\t<div class=\"product-grid-item wow animate__fadeInUp\" data-wow-duration=\"0.8s\" data-wow-delay=\"1s\">\n\t\t\t\t\t\t\t\t\t<a href=\"https:\/\/project-iq5312.bootests.com\/en\/products\/kiara\/\" class=\"product-grid-link\">\n\t\t\t\t\t\t\t\t\t\n\t\t\t\t\t\t\t\t\t\t<div class=\"product-grid-image\">\n\t\t\t\t\t\t\t\t\t\t\t\n\t\t\t\t\t\t\t\t\t\t\t\t\t\t\t\t\t\t\t\t\t\t<img decoding=\"async\" src=\"https:\/\/project-iq5312.bootests.com\/wp-content\/uploads\/kiara-bufe-image-1-1024x1024.webp\" alt=\"Kiara\" class=\"secondary-image-hover\">\n\t\t\t\t\t\t\t\t\t\t\t\t\t\t\t\t\t\t\t\t\t\t<img decoding=\"async\" width=\"640\" height=\"640\" src=\"https:\/\/project-iq5312.bootests.com\/wp-content\/uploads\/kiara-bufe-image-4-1024x1024.webp\" class=\"primary-image wp-post-image\" alt=\"\" srcset=\"https:\/\/project-iq5312.bootests.com\/wp-content\/uploads\/kiara-bufe-image-4-1024x1024.webp 1024w, https:\/\/project-iq5312.bootests.com\/wp-content\/uploads\/kiara-bufe-image-4-300x300.webp 300w, https:\/\/project-iq5312.bootests.com\/wp-content\/uploads\/kiara-bufe-image-4-150x150.webp 150w, https:\/\/project-iq5312.bootests.com\/wp-content\/uploads\/kiara-bufe-image-4-768x768.webp 768w, https:\/\/project-iq5312.bootests.com\/wp-content\/uploads\/kiara-bufe-image-4-1536x1536.webp 1536w, https:\/\/project-iq5312.bootests.com\/wp-content\/uploads\/kiara-bufe-image-4-2048x2048.webp 2048w\" sizes=\"(max-width: 640px) 100vw, 640px\" \/>\t\t\t\t\t\t\t\t\t\t\t\n\t\t\t\t\t\t\t\t\t\t<\/div>\n\t\t\t\t\t\t\t\t\t\t<div class=\"product-grid-info\">\n\t\t\t\t\t\t\t\t\t\t\t<h2 class=\"product-grid-name\">KIaRa<\/h2>\n\t\t\t\t\t\t\t\t\t\t\t<span class=\"product-grid-arrow\">\n\t\t\t\t\t\t\t\t\t\t\t\t<img decoding=\"async\" src=\"\/wp-content\/themes\/iqon\/img\/arrow-left-2-light-1-2-1.svg\">\n\t\t\t\t\t\t\t\t\t\t\t<\/span>\n\t\t\t\t\t\t\t\t\t\t<\/div>\n\t\t\t\t\t\t\t\t\t<\/a>\n\t\t\t\t\t\t\t\t<\/div>\n\t\t\t\t\t\t\t\t\t\t\t\t\t\t\t<div class=\"product-grid-item wow animate__fadeInUp\" data-wow-duration=\"0.8s\" data-wow-delay=\"1s\">\n\t\t\t\t\t\t\t\t\t<a href=\"https:\/\/project-iq5312.bootests.com\/en\/products\/nora\/\" class=\"product-grid-link\">\n\t\t\t\t\t\t\t\t\t\n\t\t\t\t\t\t\t\t\t\t<div class=\"product-grid-image\">\n\t\t\t\t\t\t\t\t\t\t\t\n\t\t\t\t\t\t\t\t\t\t\t\t\t\t\t\t\t\t\t\t\t\t<img decoding=\"async\" src=\"https:\/\/project-iq5312.bootests.com\/wp-content\/uploads\/nora-tv-unitesi-image-2-1024x1024.webp\" alt=\"Nora\" class=\"secondary-image-hover\">\n\t\t\t\t\t\t\t\t\t\t\t\t\t\t\t\t\t\t\t\t\t\t<img decoding=\"async\" width=\"640\" height=\"640\" src=\"https:\/\/project-iq5312.bootests.com\/wp-content\/uploads\/nora-tv-unitesi-image-1-1024x1024.webp\" class=\"primary-image wp-post-image\" alt=\"\" srcset=\"https:\/\/project-iq5312.bootests.com\/wp-content\/uploads\/nora-tv-unitesi-image-1-1024x1024.webp 1024w, https:\/\/project-iq5312.bootests.com\/wp-content\/uploads\/nora-tv-unitesi-image-1-300x300.webp 300w, https:\/\/project-iq5312.bootests.com\/wp-content\/uploads\/nora-tv-unitesi-image-1-150x150.webp 150w, https:\/\/project-iq5312.bootests.com\/wp-content\/uploads\/nora-tv-unitesi-image-1-768x768.webp 768w, https:\/\/project-iq5312.bootests.com\/wp-content\/uploads\/nora-tv-unitesi-image-1-1536x1536.webp 1536w, https:\/\/project-iq5312.bootests.com\/wp-content\/uploads\/nora-tv-unitesi-image-1-2048x2048.webp 2048w\" sizes=\"(max-width: 640px) 100vw, 640px\" \/>\t\t\t\t\t\t\t\t\t\t\t\n\t\t\t\t\t\t\t\t\t\t<\/div>\n\t\t\t\t\t\t\t\t\t\t<div class=\"product-grid-info\">\n\t\t\t\t\t\t\t\t\t\t\t<h2 class=\"product-grid-name\">NoRa<\/h2>\n\t\t\t\t\t\t\t\t\t\t\t<span class=\"product-grid-arrow\">\n\t\t\t\t\t\t\t\t\t\t\t\t<img decoding=\"async\" src=\"\/wp-content\/themes\/iqon\/img\/arrow-left-2-light-1-2-1.svg\">\n\t\t\t\t\t\t\t\t\t\t\t<\/span>\n\t\t\t\t\t\t\t\t\t\t<\/div>\n\t\t\t\t\t\t\t\t\t<\/a>\n\t\t\t\t\t\t\t\t<\/div>\n\t\t\t\t\t\t\t\t\t\t\t\t\t\t\t<div class=\"product-grid-item wow animate__fadeInUp\" data-wow-duration=\"0.8s\" data-wow-delay=\"1s\">\n\t\t\t\t\t\t\t\t\t<a href=\"https:\/\/project-iq5312.bootests.com\/en\/products\/suvi\/\" class=\"product-grid-link\">\n\t\t\t\t\t\t\t\t\t\n\t\t\t\t\t\t\t\t\t\t<div class=\"product-grid-image\">\n\t\t\t\t\t\t\t\t\t\t\t\n\t\t\t\t\t\t\t\t\t\t\t\t\t\t\t\t\t\t\t\t\t\t<img decoding=\"async\" src=\"https:\/\/project-iq5312.bootests.com\/wp-content\/uploads\/suvi-bufe-image-1-1024x1024.webp\" alt=\"Suvi\" class=\"secondary-image-hover\">\n\t\t\t\t\t\t\t\t\t\t\t\t\t\t\t\t\t\t\t\t\t\t<img decoding=\"async\" width=\"640\" height=\"640\" src=\"https:\/\/project-iq5312.bootests.com\/wp-content\/uploads\/suvi-bufe-image-6-1024x1024.webp\" class=\"primary-image wp-post-image\" alt=\"\" srcset=\"https:\/\/project-iq5312.bootests.com\/wp-content\/uploads\/suvi-bufe-image-6-1024x1024.webp 1024w, https:\/\/project-iq5312.bootests.com\/wp-content\/uploads\/suvi-bufe-image-6-300x300.webp 300w, https:\/\/project-iq5312.bootests.com\/wp-content\/uploads\/suvi-bufe-image-6-150x150.webp 150w, https:\/\/project-iq5312.bootests.com\/wp-content\/uploads\/suvi-bufe-image-6-768x768.webp 768w, https:\/\/project-iq5312.bootests.com\/wp-content\/uploads\/suvi-bufe-image-6-1536x1536.webp 1536w, https:\/\/project-iq5312.bootests.com\/wp-content\/uploads\/suvi-bufe-image-6-2048x2048.webp 2048w\" sizes=\"(max-width: 640px) 100vw, 640px\" \/>\t\t\t\t\t\t\t\t\t\t\t\n\t\t\t\t\t\t\t\t\t\t<\/div>\n\t\t\t\t\t\t\t\t\t\t<div class=\"product-grid-info\">\n\t\t\t\t\t\t\t\t\t\t\t<h2 class=\"product-grid-name\">SuvI<\/h2>\n\t\t\t\t\t\t\t\t\t\t\t<span class=\"product-grid-arrow\">\n\t\t\t\t\t\t\t\t\t\t\t\t<img decoding=\"async\" src=\"\/wp-content\/themes\/iqon\/img\/arrow-left-2-light-1-2-1.svg\">\n\t\t\t\t\t\t\t\t\t\t\t<\/span>\n\t\t\t\t\t\t\t\t\t\t<\/div>\n\t\t\t\t\t\t\t\t\t<\/a>\n\t\t\t\t\t\t\t\t<\/div>\n\t\t\t\t\t\t\t\t\t\t\t\t\t<\/div>\n\t\t\t\t\t\t\n\t\t\t\t\t<!-- Pagination -->\n\t\t\t\t\t\t\t\t\t\t\t\n\t\t\t\t\t\t\t\t\t\t\t\t\t\t<\/div>\n\t\t\t<\/div>\n\t\t\n\t<\/div>\n\t\n\t\n","protected":false},"excerpt":{"rendered":"","protected":false},"author":1,"featured_media":2206,"parent":2464,"menu_order":0,"comment_status":"closed","ping_status":"closed","template":"","meta":{"_acf_changed":false,"footnotes":""},"class_list":["post-2467","page","type-page","status-publish","has-post-thumbnail","hentry"],"acf":[],"_links":{"self":[{"href":"https:\/\/project-iq5312.bootests.com\/en\/wp-json\/wp\/v2\/pages\/2467","targetHints":{"allow":["GET"]}}],"collection":[{"href":"https:\/\/project-iq5312.bootests.com\/en\/wp-json\/wp\/v2\/pages"}],"about":[{"href":"https:\/\/project-iq5312.bootests.com\/en\/wp-json\/wp\/v2\/types\/page"}],"author":[{"embeddable":true,"href":"https:\/\/project-iq5312.bootests.com\/en\/wp-json\/wp\/v2\/users\/1"}],"replies":[{"embeddable":true,"href":"https:\/\/project-iq5312.bootests.com\/en\/wp-json\/wp\/v2\/comments?post=2467"}],"version-history":[{"count":3,"href":"https:\/\/project-iq5312.bootests.com\/en\/wp-json\/wp\/v2\/pages\/2467\/revisions"}],"predecessor-version":[{"id":2548,"href":"https:\/\/project-iq5312.bootests.com\/en\/wp-json\/wp\/v2\/pages\/2467\/revisions\/2548"}],"up":[{"embeddable":true,"href":"https:\/\/project-iq5312.bootests.com\/en\/wp-json\/wp\/v2\/pages\/2464"}],"wp:featuredmedia":[{"embeddable":true,"href":"https:\/\/project-iq5312.bootests.com\/en\/wp-json\/wp\/v2\/media\/2206"}],"wp:attachment":[{"href":"https:\/\/project-iq5312.bootests.com\/en\/wp-json\/wp\/v2\/media?parent=2467"}],"curies":[{"name":"wp","href":"https:\/\/api.w.org\/{rel}","templated":true}]}}